{"id":5682,"date":"2023-09-14T20:20:47","date_gmt":"2023-09-14T18:20:47","guid":{"rendered":"https:\/\/mercamio.com.co\/mercamiopg-2\/?page_id=5682"},"modified":"2026-03-18T12:39:07","modified_gmt":"2026-03-18T17:39:07","slug":"mercamio-calle-80-bogota","status":"publish","type":"page","link":"https:\/\/mercamio.com.co\/mercamiopg-2\/sucursales\/mercamio-calle-80-bogota\/","title":{"rendered":"Mercamio Calle 80 (Bogot\u00e1)"},"content":{"rendered":"\t\t<div data-elementor-type=\"wp-page\" data-elementor-id=\"5682\" class=\"elementor elementor-5682\" data-elementor-post-type=\"page\">\n\t\t\t\t<div class=\"elementor-element elementor-element-815cc2b e-con-full e-flex e-con e-parent\" data-id=\"815cc2b\" data-element_type=\"container\" data-settings=\"{&quot;jet_parallax_layout_list&quot;:[],&quot;content_width&quot;:&quot;full&quot;,&quot;container_type&quot;:&quot;flex&quot;}\" data-core-v316-plus=\"true\">\n\t\t\t\t<div class=\"elementor-element elementor-element-a0aa117 elementor-widget elementor-widget-image\" data-id=\"a0aa117\" data-element_type=\"widget\" data-widget_type=\"image.default\">\n\t\t\t\t<div class=\"elementor-widget-container\">\n\t\t\t<style>\/*! elementor - v3.19.0 - 28-02-2024 *\/\n.elementor-widget-image{text-align:center}.elementor-widget-image a{display:inline-block}.elementor-widget-image a img[src$=\".svg\"]{width:48px}.elementor-widget-image img{vertical-align:middle;display:inline-block}<\/style>\t\t\t\t\t\t\t\t\t\t<img fetchpriority=\"high\" decoding=\"async\" width=\"1301\" height=\"89\" src=\"https:\/\/mercamio.com.co\/mercamiopg-2\/wp-content\/uploads\/2023\/09\/cabecera5.png\" class=\"attachment-full size-full wp-image-5481\" alt=\"\" srcset=\"https:\/\/mercamio.com.co\/mercamiopg-2\/wp-content\/uploads\/2023\/09\/cabecera5.png 1301w, https:\/\/mercamio.com.co\/mercamiopg-2\/wp-content\/uploads\/2023\/09\/cabecera5-300x21.png 300w, https:\/\/mercamio.com.co\/mercamiopg-2\/wp-content\/uploads\/2023\/09\/cabecera5-1024x70.png 1024w, https:\/\/mercamio.com.co\/mercamiopg-2\/wp-content\/uploads\/2023\/09\/cabecera5-768x53.png 768w, https:\/\/mercamio.com.co\/mercamiopg-2\/wp-content\/uploads\/2023\/09\/cabecera5-600x41.png 600w\" sizes=\"(max-width: 1301px) 100vw, 1301px\" \/>\t\t\t\t\t\t\t\t\t\t\t\t\t<\/div>\n\t\t\t\t<\/div>\n\t\t\t\t<div class=\"elementor-element elementor-element-45a756c elementor-widget__width-initial elementor-widget elementor-widget-heading\" data-id=\"45a756c\" data-element_type=\"widget\" data-widget_type=\"heading.default\">\n\t\t\t\t<div class=\"elementor-widget-container\">\n\t\t\t<style>\/*! elementor - v3.19.0 - 28-02-2024 *\/\n.elementor-heading-title{padding:0;margin:0;line-height:1}.elementor-widget-heading .elementor-heading-title[class*=elementor-size-]>a{color:inherit;font-size:inherit;line-height:inherit}.elementor-widget-heading .elementor-heading-title.elementor-size-small{font-size:15px}.elementor-widget-heading .elementor-heading-title.elementor-size-medium{font-size:19px}.elementor-widget-heading .elementor-heading-title.elementor-size-large{font-size:29px}.elementor-widget-heading .elementor-heading-title.elementor-size-xl{font-size:39px}.elementor-widget-heading .elementor-heading-title.elementor-size-xxl{font-size:59px}<\/style><h2 class=\"elementor-heading-title elementor-size-default\">Mercamio Calle 80 (Bogot\u00e1)<\/h2>\t\t<\/div>\n\t\t\t\t<\/div>\n\t\t\t\t<\/div>\n\t\t<div class=\"elementor-element elementor-element-54ac64a e-flex e-con-boxed e-con e-parent\" data-id=\"54ac64a\" data-element_type=\"container\" data-settings=\"{&quot;jet_parallax_layout_list&quot;:[],&quot;container_type&quot;:&quot;flex&quot;,&quot;content_width&quot;:&quot;boxed&quot;}\" data-core-v316-plus=\"true\">\n\t\t\t\t\t<div class=\"e-con-inner\">\n\t\t\t\t<div class=\"elementor-element elementor-element-f24abb8 elementor-widget elementor-widget-text-editor\" data-id=\"f24abb8\" data-element_type=\"widget\" data-widget_type=\"text-editor.default\">\n\t\t\t\t<div class=\"elementor-widget-container\">\n\t\t\t<style>\/*! elementor - v3.19.0 - 28-02-2024 *\/\n.elementor-widget-text-editor.elementor-drop-cap-view-stacked .elementor-drop-cap{background-color:#69727d;color:#fff}.elementor-widget-text-editor.elementor-drop-cap-view-framed .elementor-drop-cap{color:#69727d;border:3px solid;background-color:transparent}.elementor-widget-text-editor:not(.elementor-drop-cap-view-default) .elementor-drop-cap{margin-top:8px}.elementor-widget-text-editor:not(.elementor-drop-cap-view-default) .elementor-drop-cap-letter{width:1em;height:1em}.elementor-widget-text-editor .elementor-drop-cap{float:left;text-align:center;line-height:1;font-size:50px}.elementor-widget-text-editor .elementor-drop-cap-letter{display:inline-block}<\/style>\t\t\t\t<h4 style=\"text-align: center;\">Conoce aqu\u00ed las mejores ofertas<\/h4><p style=\"text-align: center;\"><div class=\"_df_book df-lite\" id=\"df_5987\"  data-title=\"calle-80-bogota\" _slug=\"5842-5-2-2-2-2\" wpoptions=\"true\" thumbtype=\"\" ><\/div><script class=\"df-shortcode-script\" type=\"application\/javascript\">window.option_df_5987 = {\"outline\":[],\"autoEnableOutline\":\"false\",\"autoEnableThumbnail\":\"false\",\"overwritePDFOutline\":\"false\",\"backgroundImage\":\"https:\\\/\\\/mercamio.com.co\\\/mercamiopg-2\\\/wp-content\\\/uploads\\\/2023\\\/09\\\/OIG-2.jpg\",\"direction\":\"1\",\"pageSize\":\"0\",\"source\":\"https:\\\/\\\/mercamio.com.co\\\/mercamiopg-2\\\/wp-content\\\/uploads\\\/2026\\\/04\\\/Bogota.pdf\",\"wpOptions\":\"true\"}; if(window.DFLIP && window.DFLIP.parseBooks){window.DFLIP.parseBooks();}<\/script><\/p>\t\t\t\t\t\t<\/div>\n\t\t\t\t<\/div>\n\t\t\t\t<div class=\"elementor-element elementor-element-620dc0e elementor-widget elementor-widget-text-editor\" data-id=\"620dc0e\" data-element_type=\"widget\" data-widget_type=\"text-editor.default\">\n\t\t\t\t<div class=\"elementor-widget-container\">\n\t\t\t\t\t\t\t<h5 align=\"center\">Direcci\u00f3n: Calle 80 # 114-49 Bogot\u00e1.<\/h5>\n<h5 align=\"center\">Horario de atenci\u00f3n: Lunes a Jueves \/Sabado 7:30 A.M &#8211; 8:30 P.M<\/h5>\n<h5 align=\"center\">Viernes 7:00 A.M &#8211; 9:00 P.M<\/h5>\n<h5 align=\"center\">Domingos y Festivos de<span style=\"font-size: 1.0625rem; text-align: start;\">8:00<\/span><span style=\"font-size: 1.0625rem; font-style: inherit; text-align: start;\">&nbsp;A.M &#8211; 8:00 P.M.<\/span><\/h5>\n<h5 align=\"center\"><b>PBX Bogot\u00e1: 601-482-3413 &#8211; PBX Cali: 602-551-3755<\/b><\/h5>\t\t\t\t\t\t<\/div>\n\t\t\t\t<\/div>\n\t\t\t\t<div class=\"elementor-element elementor-element-0eb7587 elementor-widget elementor-widget-image\" data-id=\"0eb7587\" data-element_type=\"widget\" data-widget_type=\"image.default\">\n\t\t\t\t<div class=\"elementor-widget-container\">\n\t\t\t\t\t\t\t\t\t\t\t\t\t\t<a href=\"https:\/\/mercamio.com\/\">\n\t\t\t\t\t\t\t<img decoding=\"async\" width=\"1024\" height=\"263\" src=\"https:\/\/mercamio.com.co\/mercamiopg-2\/wp-content\/uploads\/2023\/09\/boton-domicilios2-1024x263.png\" class=\"attachment-large size-large wp-image-5473\" alt=\"\" srcset=\"https:\/\/mercamio.com.co\/mercamiopg-2\/wp-content\/uploads\/2023\/09\/boton-domicilios2-1024x263.png 1024w, https:\/\/mercamio.com.co\/mercamiopg-2\/wp-content\/uploads\/2023\/09\/boton-domicilios2-300x77.png 300w, https:\/\/mercamio.com.co\/mercamiopg-2\/wp-content\/uploads\/2023\/09\/boton-domicilios2-768x197.png 768w, https:\/\/mercamio.com.co\/mercamiopg-2\/wp-content\/uploads\/2023\/09\/boton-domicilios2-1536x395.png 1536w, https:\/\/mercamio.com.co\/mercamiopg-2\/wp-content\/uploads\/2023\/09\/boton-domicilios2-2048x527.png 2048w, https:\/\/mercamio.com.co\/mercamiopg-2\/wp-content\/uploads\/2023\/09\/boton-domicilios2-600x154.png 600w\" sizes=\"(max-width: 1024px) 100vw, 1024px\" \/>\t\t\t\t\t\t\t\t<\/a>\n\t\t\t\t\t\t\t\t\t\t\t\t\t<\/div>\n\t\t\t\t<\/div>\n\t\t\t\t<div class=\"elementor-element elementor-element-026f6c3 elementor-widget elementor-widget-heading\" data-id=\"026f6c3\" data-element_type=\"widget\" data-widget_type=\"heading.default\">\n\t\t\t\t<div class=\"elementor-widget-container\">\n\t\t\t<h2 class=\"elementor-heading-title elementor-size-default\">\u00bfC\u00f3mo Llegar?<\/h2>\t\t<\/div>\n\t\t\t\t<\/div>\n\t\t\t\t\t<\/div>\n\t\t\t\t<\/div>\n\t\t<div class=\"elementor-element elementor-element-8b01d8c e-flex e-con-boxed e-con e-parent\" data-id=\"8b01d8c\" data-element_type=\"container\" data-settings=\"{&quot;jet_parallax_layout_list&quot;:[],&quot;container_type&quot;:&quot;flex&quot;,&quot;content_width&quot;:&quot;boxed&quot;}\" data-core-v316-plus=\"true\">\n\t\t\t\t\t<div class=\"e-con-inner\">\n\t\t<div class=\"elementor-element elementor-element-8ba8f1c e-con-full e-flex e-con e-child\" data-id=\"8ba8f1c\" data-element_type=\"container\" data-settings=\"{&quot;content_width&quot;:&quot;full&quot;,&quot;jet_parallax_layout_list&quot;:[],&quot;container_type&quot;:&quot;flex&quot;}\">\n\t\t\t\t<div class=\"elementor-element elementor-element-9294c32 elementor-widget-mobile__width-initial elementor-widget elementor-widget-google_maps\" data-id=\"9294c32\" data-element_type=\"widget\" data-widget_type=\"google_maps.default\">\n\t\t\t\t<div class=\"elementor-widget-container\">\n\t\t\t<style>\/*! elementor - v3.19.0 - 28-02-2024 *\/\n.elementor-widget-google_maps .elementor-widget-container{overflow:hidden}.elementor-widget-google_maps .elementor-custom-embed{line-height:0}.elementor-widget-google_maps iframe{height:300px}<\/style>\t\t<div class=\"elementor-custom-embed\">\n\t\t\t<iframe loading=\"lazy\"\n\t\t\t\t\tsrc=\"https:\/\/maps.google.com\/maps?q=Supermercado%20MercaM%C3%ADo%20a%20114-99%2C%20Cl.%2080%20%2311453%2C%20Bogot%C3%A1&#038;t=m&#038;z=16&#038;output=embed&#038;iwloc=near\"\n\t\t\t\t\ttitle=\"Supermercado MercaM\u00edo a 114-99, Cl. 80 #11453, Bogot\u00e1\"\n\t\t\t\t\taria-label=\"Supermercado MercaM\u00edo a 114-99, Cl. 80 #11453, Bogot\u00e1\"\n\t\t\t><\/iframe>\n\t\t<\/div>\n\t\t\t\t<\/div>\n\t\t\t\t<\/div>\n\t\t\t\t<\/div>\n\t\t\t\t\t<\/div>\n\t\t\t\t<\/div>\n\t\t<div class=\"elementor-element elementor-element-625c772 e-flex e-con-boxed e-con e-parent\" data-id=\"625c772\" data-element_type=\"container\" data-settings=\"{&quot;jet_parallax_layout_list&quot;:[],&quot;container_type&quot;:&quot;flex&quot;,&quot;content_width&quot;:&quot;boxed&quot;}\" data-core-v316-plus=\"true\">\n\t\t\t\t\t<div class=\"e-con-inner\">\n\t\t\t\t<div class=\"elementor-element elementor-element-249af97 elementor-widget__width-initial elementor-widget-mobile__width-initial elementor-widget elementor-widget-image\" data-id=\"249af97\" data-element_type=\"widget\" data-widget_type=\"image.default\">\n\t\t\t\t<div class=\"elementor-widget-container\">\n\t\t\t\t\t\t\t\t\t\t\t\t\t\t<a href=\"http:\/\/mercamio.com.co\/descargavolante\">\n\t\t\t\t\t\t\t<img decoding=\"async\" width=\"1080\" height=\"1080\" src=\"https:\/\/mercamio.com.co\/mercamiopg-2\/wp-content\/uploads\/2023\/09\/qrs.png\" class=\"attachment-full size-full wp-image-5518\" alt=\"\" srcset=\"https:\/\/mercamio.com.co\/mercamiopg-2\/wp-content\/uploads\/2023\/09\/qrs.png 1080w, https:\/\/mercamio.com.co\/mercamiopg-2\/wp-content\/uploads\/2023\/09\/qrs-300x300.png 300w, https:\/\/mercamio.com.co\/mercamiopg-2\/wp-content\/uploads\/2023\/09\/qrs-1024x1024.png 1024w, https:\/\/mercamio.com.co\/mercamiopg-2\/wp-content\/uploads\/2023\/09\/qrs-150x150.png 150w, https:\/\/mercamio.com.co\/mercamiopg-2\/wp-content\/uploads\/2023\/09\/qrs-768x768.png 768w, https:\/\/mercamio.com.co\/mercamiopg-2\/wp-content\/uploads\/2023\/09\/qrs-600x600.png 600w, https:\/\/mercamio.com.co\/mercamiopg-2\/wp-content\/uploads\/2023\/09\/qrs-100x100.png 100w\" sizes=\"(max-width: 1080px) 100vw, 1080px\" \/>\t\t\t\t\t\t\t\t<\/a>\n\t\t\t\t\t\t\t\t\t\t\t\t\t<\/div>\n\t\t\t\t<\/div>\n\t\t\t\t<div class=\"elementor-element elementor-element-80935b8 elementor-widget__width-initial elementor-widget-mobile__width-initial elementor-widget elementor-widget-image\" data-id=\"80935b8\" data-element_type=\"widget\" data-widget_type=\"image.default\">\n\t\t\t\t<div class=\"elementor-widget-container\">\n\t\t\t\t\t\t\t\t\t\t\t\t\t\t<a href=\"https:\/\/mercamio.com.co\/mercamiopg\/registroCliente.php\">\n\t\t\t\t\t\t\t<img loading=\"lazy\" decoding=\"async\" width=\"1024\" height=\"1024\" src=\"https:\/\/mercamio.com.co\/mercamiopg-2\/wp-content\/uploads\/2023\/09\/qr_redes-1024x1024.jpeg\" class=\"attachment-large size-large wp-image-5519\" alt=\"\" srcset=\"https:\/\/mercamio.com.co\/mercamiopg-2\/wp-content\/uploads\/2023\/09\/qr_redes-1024x1024.jpeg 1024w, https:\/\/mercamio.com.co\/mercamiopg-2\/wp-content\/uploads\/2023\/09\/qr_redes-300x300.jpeg 300w, https:\/\/mercamio.com.co\/mercamiopg-2\/wp-content\/uploads\/2023\/09\/qr_redes-150x150.jpeg 150w, https:\/\/mercamio.com.co\/mercamiopg-2\/wp-content\/uploads\/2023\/09\/qr_redes-768x768.jpeg 768w, https:\/\/mercamio.com.co\/mercamiopg-2\/wp-content\/uploads\/2023\/09\/qr_redes-600x600.jpeg 600w, https:\/\/mercamio.com.co\/mercamiopg-2\/wp-content\/uploads\/2023\/09\/qr_redes-100x100.jpeg 100w, https:\/\/mercamio.com.co\/mercamiopg-2\/wp-content\/uploads\/2023\/09\/qr_redes.jpeg 1080w\" sizes=\"(max-width: 1024px) 100vw, 1024px\" \/>\t\t\t\t\t\t\t\t<\/a>\n\t\t\t\t\t\t\t\t\t\t\t\t\t<\/div>\n\t\t\t\t<\/div>\n\t\t\t\t<div class=\"elementor-element elementor-element-d101d2e elementor-widget__width-initial elementor-widget-mobile__width-initial elementor-widget elementor-widget-image\" data-id=\"d101d2e\" data-element_type=\"widget\" data-widget_type=\"image.default\">\n\t\t\t\t<div class=\"elementor-widget-container\">\n\t\t\t\t\t\t\t\t\t\t\t\t\t<img loading=\"lazy\" decoding=\"async\" width=\"518\" height=\"518\" src=\"https:\/\/mercamio.com.co\/mercamiopg-2\/wp-content\/uploads\/2023\/09\/Redes_sociales_pag.gif\" class=\"attachment-large size-large wp-image-5520\" alt=\"\" \/>\t\t\t\t\t\t\t\t\t\t\t\t\t<\/div>\n\t\t\t\t<\/div>\n\t\t\t\t<div class=\"elementor-element elementor-element-875ae9a elementor-widget__width-initial elementor-widget-mobile__width-initial elementor-widget elementor-widget-image\" data-id=\"875ae9a\" data-element_type=\"widget\" data-widget_type=\"image.default\">\n\t\t\t\t<div class=\"elementor-widget-container\">\n\t\t\t\t\t\t\t\t\t\t\t\t\t<img loading=\"lazy\" decoding=\"async\" width=\"1024\" height=\"1024\" src=\"https:\/\/mercamio.com.co\/mercamiopg-2\/wp-content\/uploads\/2023\/09\/Del-campo-a-tu-casa-1024x1024.png\" class=\"attachment-large size-large wp-image-5521\" alt=\"\" srcset=\"https:\/\/mercamio.com.co\/mercamiopg-2\/wp-content\/uploads\/2023\/09\/Del-campo-a-tu-casa-1024x1024.png 1024w, https:\/\/mercamio.com.co\/mercamiopg-2\/wp-content\/uploads\/2023\/09\/Del-campo-a-tu-casa-300x300.png 300w, https:\/\/mercamio.com.co\/mercamiopg-2\/wp-content\/uploads\/2023\/09\/Del-campo-a-tu-casa-150x150.png 150w, https:\/\/mercamio.com.co\/mercamiopg-2\/wp-content\/uploads\/2023\/09\/Del-campo-a-tu-casa-768x768.png 768w, https:\/\/mercamio.com.co\/mercamiopg-2\/wp-content\/uploads\/2023\/09\/Del-campo-a-tu-casa-600x600.png 600w, https:\/\/mercamio.com.co\/mercamiopg-2\/wp-content\/uploads\/2023\/09\/Del-campo-a-tu-casa-100x100.png 100w, https:\/\/mercamio.com.co\/mercamiopg-2\/wp-content\/uploads\/2023\/09\/Del-campo-a-tu-casa.png 1080w\" sizes=\"(max-width: 1024px) 100vw, 1024px\" \/>\t\t\t\t\t\t\t\t\t\t\t\t\t<\/div>\n\t\t\t\t<\/div>\n\t\t\t\t<div class=\"elementor-element elementor-element-94b2b58 elementor-widget__width-initial elementor-widget-mobile__width-initial elementor-widget elementor-widget-image\" data-id=\"94b2b58\" data-element_type=\"widget\" data-widget_type=\"image.default\">\n\t\t\t\t<div class=\"elementor-widget-container\">\n\t\t\t\t\t\t\t\t\t\t\t\t\t<img loading=\"lazy\" decoding=\"async\" width=\"1024\" height=\"1024\" src=\"https:\/\/mercamio.com.co\/mercamiopg-2\/wp-content\/uploads\/2023\/09\/el-mercado-ma\u0301s-economico-1024x1024.jpeg\" class=\"attachment-large size-large wp-image-5522\" alt=\"\" srcset=\"https:\/\/mercamio.com.co\/mercamiopg-2\/wp-content\/uploads\/2023\/09\/el-mercado-ma\u0301s-economico-1024x1024.jpeg 1024w, https:\/\/mercamio.com.co\/mercamiopg-2\/wp-content\/uploads\/2023\/09\/el-mercado-ma\u0301s-economico-300x300.jpeg 300w, https:\/\/mercamio.com.co\/mercamiopg-2\/wp-content\/uploads\/2023\/09\/el-mercado-ma\u0301s-economico-150x150.jpeg 150w, https:\/\/mercamio.com.co\/mercamiopg-2\/wp-content\/uploads\/2023\/09\/el-mercado-ma\u0301s-economico-768x768.jpeg 768w, https:\/\/mercamio.com.co\/mercamiopg-2\/wp-content\/uploads\/2023\/09\/el-mercado-ma\u0301s-economico-600x600.jpeg 600w, https:\/\/mercamio.com.co\/mercamiopg-2\/wp-content\/uploads\/2023\/09\/el-mercado-ma\u0301s-economico-100x100.jpeg 100w, https:\/\/mercamio.com.co\/mercamiopg-2\/wp-content\/uploads\/2023\/09\/el-mercado-ma\u0301s-economico.jpeg 1080w\" sizes=\"(max-width: 1024px) 100vw, 1024px\" \/>\t\t\t\t\t\t\t\t\t\t\t\t\t<\/div>\n\t\t\t\t<\/div>\n\t\t\t\t<div class=\"elementor-element elementor-element-63bd90e elementor-widget__width-initial elementor-widget-mobile__width-initial elementor-widget elementor-widget-image\" data-id=\"63bd90e\" data-element_type=\"widget\" data-widget_type=\"image.default\">\n\t\t\t\t<div class=\"elementor-widget-container\">\n\t\t\t\t\t\t\t\t\t\t\t\t\t<img loading=\"lazy\" decoding=\"async\" width=\"250\" height=\"250\" src=\"https:\/\/mercamio.com.co\/mercamiopg-2\/wp-content\/uploads\/2023\/09\/bloggif_5b9982e163cf9.gif\" class=\"attachment-full size-full wp-image-5523\" alt=\"\" \/>\t\t\t\t\t\t\t\t\t\t\t\t\t<\/div>\n\t\t\t\t<\/div>\n\t\t\t\t\t<\/div>\n\t\t\t\t<\/div>\n\t\t\t\t<\/div>\n\t\t","protected":false},"excerpt":{"rendered":"<p>Mercamio Calle 80 (Bogot\u00e1) Conoce aqu\u00ed las mejores ofertas Direcci\u00f3n: Calle 80 # 114-49 Bogot\u00e1. Horario de atenci\u00f3n: Lunes a Jueves \/Sabado 7:30 A.M &#8211; 8:30 P.M Viernes 7:00 A.M &#8211; 9:00 P.M Domingos y Festivos de8:00&nbsp;A.M &#8211; 8:00 P.M. PBX Bogot\u00e1: 601-482-3413 &#8211; PBX Cali: 602-551-3755 \u00bfC\u00f3mo Llegar?<\/p>\n","protected":false},"author":1,"featured_media":0,"parent":5597,"menu_order":0,"comment_status":"closed","ping_status":"closed","template":"","meta":{"site-sidebar-layout":"no-sidebar","site-content-layout":"page-builder","ast-site-content-layout":"full-width-container","site-content-style":"default","site-sidebar-style":"default","ast-global-header-display":"","ast-banner-title-visibility":"","ast-main-header-display":"","ast-hfb-above-header-display":"","ast-hfb-below-header-display":"","ast-hfb-mobile-header-display":"","site-post-title":"disabled","ast-breadcrumbs-content":"","ast-featured-img":"disabled","footer-sml-layout":"","theme-transparent-header-meta":"","adv-header-id-meta":"","stick-header-meta":"","header-above-stick-meta":"","header-main-stick-meta":"","header-below-stick-meta":"","astra-migrate-meta-layouts":"set","ast-page-background-enabled":"default","ast-page-background-meta":{"desktop":{"background-color":"","background-image":"","background-repeat":"repeat","background-position":"center center","background-size":"auto","background-attachment":"scroll","background-type":"","background-media":"","overlay-type":"","overlay-color":"","overlay-gradient":""},"tablet":{"background-color":"","background-image":"","background-repeat":"repeat","background-position":"center center","background-size":"auto","background-attachment":"scroll","background-type":"","background-media":"","overlay-type":"","overlay-color":"","overlay-gradient":""},"mobile":{"background-color":"","background-image":"","background-repeat":"repeat","background-position":"center center","background-size":"auto","background-attachment":"scroll","background-type":"","background-media":"","overlay-type":"","overlay-color":"","overlay-gradient":""}},"ast-content-background-meta":{"desktop":{"background-color":"var(--ast-global-color-5)","background-image":"","background-repeat":"repeat","background-position":"center center","background-size":"auto","background-attachment":"scroll","background-type":"","background-media":"","overlay-type":"","overlay-color":"","overlay-gradient":""},"tablet":{"background-color":"var(--ast-global-color-5)","background-image":"","background-repeat":"repeat","background-position":"center center","background-size":"auto","background-attachment":"scroll","background-type":"","background-media":"","overlay-type":"","overlay-color":"","overlay-gradient":""},"mobile":{"background-color":"var(--ast-global-color-5)","background-image":"","background-repeat":"repeat","background-position":"center center","background-size":"auto","background-attachment":"scroll","background-type":"","background-media":"","overlay-type":"","overlay-color":"","overlay-gradient":""}},"footnotes":""},"class_list":["post-5682","page","type-page","status-publish","hentry"],"_links":{"self":[{"href":"https:\/\/mercamio.com.co\/mercamiopg-2\/wp-json\/wp\/v2\/pages\/5682","targetHints":{"allow":["GET"]}}],"collection":[{"href":"https:\/\/mercamio.com.co\/mercamiopg-2\/wp-json\/wp\/v2\/pages"}],"about":[{"href":"https:\/\/mercamio.com.co\/mercamiopg-2\/wp-json\/wp\/v2\/types\/page"}],"author":[{"embeddable":true,"href":"https:\/\/mercamio.com.co\/mercamiopg-2\/wp-json\/wp\/v2\/users\/1"}],"replies":[{"embeddable":true,"href":"https:\/\/mercamio.com.co\/mercamiopg-2\/wp-json\/wp\/v2\/comments?post=5682"}],"version-history":[{"count":28,"href":"https:\/\/mercamio.com.co\/mercamiopg-2\/wp-json\/wp\/v2\/pages\/5682\/revisions"}],"predecessor-version":[{"id":7873,"href":"https:\/\/mercamio.com.co\/mercamiopg-2\/wp-json\/wp\/v2\/pages\/5682\/revisions\/7873"}],"up":[{"embeddable":true,"href":"https:\/\/mercamio.com.co\/mercamiopg-2\/wp-json\/wp\/v2\/pages\/5597"}],"wp:attachment":[{"href":"https:\/\/mercamio.com.co\/mercamiopg-2\/wp-json\/wp\/v2\/media?parent=5682"}],"curies":[{"name":"wp","href":"https:\/\/api.w.org\/{rel}","templated":true}]}}