{"id":5749,"date":"2023-09-14T20:57:50","date_gmt":"2023-09-14T18:57:50","guid":{"rendered":"https:\/\/mercamio.com.co\/mercamiopg-2\/?page_id=5749"},"modified":"2023-09-14T21:16:01","modified_gmt":"2023-09-14T19:16:01","slug":"medio-ambiente","status":"publish","type":"page","link":"https:\/\/mercamio.com.co\/mercamiopg-2\/medio-ambiente\/","title":{"rendered":"Medio ambiente"},"content":{"rendered":"\t\t<div data-elementor-type=\"wp-page\" data-elementor-id=\"5749\" class=\"elementor elementor-5749\" data-elementor-post-type=\"page\">\n\t\t\t\t<div class=\"elementor-element elementor-element-eb48c25 e-con-full e-flex e-con e-parent\" data-id=\"eb48c25\" data-element_type=\"container\" data-settings=\"{&quot;content_width&quot;:&quot;full&quot;,&quot;jet_parallax_layout_list&quot;:[],&quot;container_type&quot;:&quot;flex&quot;}\" data-core-v316-plus=\"true\">\n\t\t\t\t<div class=\"elementor-element elementor-element-0abc3bb elementor-widget elementor-widget-image\" data-id=\"0abc3bb\" data-element_type=\"widget\" data-widget_type=\"image.default\">\n\t\t\t\t<div class=\"elementor-widget-container\">\n\t\t\t<style>\/*! elementor - v3.19.0 - 28-02-2024 *\/\n.elementor-widget-image{text-align:center}.elementor-widget-image a{display:inline-block}.elementor-widget-image a img[src$=\".svg\"]{width:48px}.elementor-widget-image img{vertical-align:middle;display:inline-block}<\/style>\t\t\t\t\t\t\t\t\t\t<img fetchpriority=\"high\" decoding=\"async\" width=\"2560\" height=\"408\" src=\"https:\/\/mercamio.com.co\/mercamiopg-2\/wp-content\/uploads\/2023\/09\/Banner_medio-ambiente-scaled.jpeg\" class=\"attachment-full size-full wp-image-5751\" alt=\"\" srcset=\"https:\/\/mercamio.com.co\/mercamiopg-2\/wp-content\/uploads\/2023\/09\/Banner_medio-ambiente-scaled.jpeg 2560w, https:\/\/mercamio.com.co\/mercamiopg-2\/wp-content\/uploads\/2023\/09\/Banner_medio-ambiente-300x48.jpeg 300w, https:\/\/mercamio.com.co\/mercamiopg-2\/wp-content\/uploads\/2023\/09\/Banner_medio-ambiente-1024x163.jpeg 1024w, https:\/\/mercamio.com.co\/mercamiopg-2\/wp-content\/uploads\/2023\/09\/Banner_medio-ambiente-768x122.jpeg 768w, https:\/\/mercamio.com.co\/mercamiopg-2\/wp-content\/uploads\/2023\/09\/Banner_medio-ambiente-1536x245.jpeg 1536w, https:\/\/mercamio.com.co\/mercamiopg-2\/wp-content\/uploads\/2023\/09\/Banner_medio-ambiente-2048x326.jpeg 2048w, https:\/\/mercamio.com.co\/mercamiopg-2\/wp-content\/uploads\/2023\/09\/Banner_medio-ambiente-600x96.jpeg 600w\" sizes=\"(max-width: 2560px) 100vw, 2560px\" \/>\t\t\t\t\t\t\t\t\t\t\t\t\t<\/div>\n\t\t\t\t<\/div>\n\t\t\t\t<\/div>\n\t\t<div class=\"elementor-element elementor-element-47a4a0a e-flex e-con-boxed e-con e-parent\" data-id=\"47a4a0a\" data-element_type=\"container\" data-settings=\"{&quot;jet_parallax_layout_list&quot;:[],&quot;container_type&quot;:&quot;flex&quot;,&quot;content_width&quot;:&quot;boxed&quot;}\" data-core-v316-plus=\"true\">\n\t\t\t\t\t<div class=\"e-con-inner\">\n\t\t\t\t<div class=\"elementor-element elementor-element-e3cb830 elementor-widget elementor-widget-text-editor\" data-id=\"e3cb830\" data-element_type=\"widget\" data-widget_type=\"text-editor.default\">\n\t\t\t\t<div class=\"elementor-widget-container\">\n\t\t\t<style>\/*! elementor - v3.19.0 - 28-02-2024 *\/\n.elementor-widget-text-editor.elementor-drop-cap-view-stacked .elementor-drop-cap{background-color:#69727d;color:#fff}.elementor-widget-text-editor.elementor-drop-cap-view-framed .elementor-drop-cap{color:#69727d;border:3px solid;background-color:transparent}.elementor-widget-text-editor:not(.elementor-drop-cap-view-default) .elementor-drop-cap{margin-top:8px}.elementor-widget-text-editor:not(.elementor-drop-cap-view-default) .elementor-drop-cap-letter{width:1em;height:1em}.elementor-widget-text-editor .elementor-drop-cap{float:left;text-align:center;line-height:1;font-size:50px}.elementor-widget-text-editor .elementor-drop-cap-letter{display:inline-block}<\/style>\t\t\t\t<h3>Nuestro Compromiso con el\u00a0<strong>Medio Ambiente<\/strong><i class=\"fa fa-recycle pull-right hidden-xs-down\" aria-hidden=\"true\"><\/i><\/h3><p align=\"justify\">En MERCAMIO y MERCATODO\u00a0nos preocupamos por el cuidado del medio ambiente por eso buscamos\u00a0continuamente mecanismos o procesos que favorezcan de manera interna o externa a la protecci\u00f3n del planeta, de esta manera aportamos nuestro granito de arena, apoyando el cuidado del medio ambiente con proyectos como:<\/p><ul><li>Paneles solares<\/li><li>Reducci\u00f3n de la bolsa pl\u00e1stica e implementacion de la bolsa de tela, cajas de cart\u00f3n, costales<\/li><li>Reciclaje<\/li><li>Reducci\u00f3n del gasto de agua y energ\u00eda<\/li><li>Creando conciencia en nuestros clientes que el futuro de nuestro planeta depende de todos y cada una de las personas que lo habitamos.<\/li><\/ul>\t\t\t\t\t\t<\/div>\n\t\t\t\t<\/div>\n\t\t\t\t\t<\/div>\n\t\t\t\t<\/div>\n\t\t<div class=\"elementor-element elementor-element-dfd38e0 e-flex e-con-boxed e-con e-parent\" data-id=\"dfd38e0\" data-element_type=\"container\" data-settings=\"{&quot;jet_parallax_layout_list&quot;:[],&quot;container_type&quot;:&quot;flex&quot;,&quot;content_width&quot;:&quot;boxed&quot;}\" data-core-v316-plus=\"true\">\n\t\t\t\t\t<div class=\"e-con-inner\">\n\t\t\t\t<div class=\"elementor-element elementor-element-2f8afb0 elementor-widget__width-initial elementor-widget elementor-widget-image\" data-id=\"2f8afb0\" data-element_type=\"widget\" data-widget_type=\"image.default\">\n\t\t\t\t<div class=\"elementor-widget-container\">\n\t\t\t\t\t\t\t\t\t\t\t\t\t<img decoding=\"async\" width=\"1024\" height=\"1024\" src=\"https:\/\/mercamio.com.co\/mercamiopg-2\/wp-content\/uploads\/2023\/09\/Bolsas-1024x1024.png\" class=\"attachment-large size-large wp-image-5761\" alt=\"\" srcset=\"https:\/\/mercamio.com.co\/mercamiopg-2\/wp-content\/uploads\/2023\/09\/Bolsas-1024x1024.png 1024w, https:\/\/mercamio.com.co\/mercamiopg-2\/wp-content\/uploads\/2023\/09\/Bolsas-300x300.png 300w, https:\/\/mercamio.com.co\/mercamiopg-2\/wp-content\/uploads\/2023\/09\/Bolsas-150x150.png 150w, https:\/\/mercamio.com.co\/mercamiopg-2\/wp-content\/uploads\/2023\/09\/Bolsas-768x768.png 768w, https:\/\/mercamio.com.co\/mercamiopg-2\/wp-content\/uploads\/2023\/09\/Bolsas-600x600.png 600w, https:\/\/mercamio.com.co\/mercamiopg-2\/wp-content\/uploads\/2023\/09\/Bolsas-100x100.png 100w, https:\/\/mercamio.com.co\/mercamiopg-2\/wp-content\/uploads\/2023\/09\/Bolsas.png 1080w\" sizes=\"(max-width: 1024px) 100vw, 1024px\" \/>\t\t\t\t\t\t\t\t\t\t\t\t\t<\/div>\n\t\t\t\t<\/div>\n\t\t\t\t<div class=\"elementor-element elementor-element-9395b39 elementor-widget__width-initial elementor-widget elementor-widget-image\" data-id=\"9395b39\" data-element_type=\"widget\" data-widget_type=\"image.default\">\n\t\t\t\t<div class=\"elementor-widget-container\">\n\t\t\t\t\t\t\t\t\t\t\t\t\t<img decoding=\"async\" width=\"1024\" height=\"1024\" src=\"https:\/\/mercamio.com.co\/mercamiopg-2\/wp-content\/uploads\/2023\/09\/pILAS_CON-EL-AMBIENTE-1024x1024.jpeg\" class=\"attachment-large size-large wp-image-5764\" alt=\"\" srcset=\"https:\/\/mercamio.com.co\/mercamiopg-2\/wp-content\/uploads\/2023\/09\/pILAS_CON-EL-AMBIENTE-1024x1024.jpeg 1024w, https:\/\/mercamio.com.co\/mercamiopg-2\/wp-content\/uploads\/2023\/09\/pILAS_CON-EL-AMBIENTE-300x300.jpeg 300w, https:\/\/mercamio.com.co\/mercamiopg-2\/wp-content\/uploads\/2023\/09\/pILAS_CON-EL-AMBIENTE-150x150.jpeg 150w, https:\/\/mercamio.com.co\/mercamiopg-2\/wp-content\/uploads\/2023\/09\/pILAS_CON-EL-AMBIENTE-768x768.jpeg 768w, https:\/\/mercamio.com.co\/mercamiopg-2\/wp-content\/uploads\/2023\/09\/pILAS_CON-EL-AMBIENTE-600x600.jpeg 600w, https:\/\/mercamio.com.co\/mercamiopg-2\/wp-content\/uploads\/2023\/09\/pILAS_CON-EL-AMBIENTE-100x100.jpeg 100w, https:\/\/mercamio.com.co\/mercamiopg-2\/wp-content\/uploads\/2023\/09\/pILAS_CON-EL-AMBIENTE.jpeg 1080w\" sizes=\"(max-width: 1024px) 100vw, 1024px\" \/>\t\t\t\t\t\t\t\t\t\t\t\t\t<\/div>\n\t\t\t\t<\/div>\n\t\t\t\t<div class=\"elementor-element elementor-element-d097a2d elementor-widget__width-initial elementor-widget elementor-widget-image\" data-id=\"d097a2d\" data-element_type=\"widget\" data-widget_type=\"image.default\">\n\t\t\t\t<div class=\"elementor-widget-container\">\n\t\t\t\t\t\t\t\t\t\t\t\t\t<img loading=\"lazy\" decoding=\"async\" width=\"1024\" height=\"1024\" src=\"https:\/\/mercamio.com.co\/mercamiopg-2\/wp-content\/uploads\/2023\/09\/Paneles-solares--1024x1024.jpeg\" class=\"attachment-large size-large wp-image-5763\" alt=\"\" srcset=\"https:\/\/mercamio.com.co\/mercamiopg-2\/wp-content\/uploads\/2023\/09\/Paneles-solares--1024x1024.jpeg 1024w, https:\/\/mercamio.com.co\/mercamiopg-2\/wp-content\/uploads\/2023\/09\/Paneles-solares--300x300.jpeg 300w, https:\/\/mercamio.com.co\/mercamiopg-2\/wp-content\/uploads\/2023\/09\/Paneles-solares--150x150.jpeg 150w, https:\/\/mercamio.com.co\/mercamiopg-2\/wp-content\/uploads\/2023\/09\/Paneles-solares--768x768.jpeg 768w, https:\/\/mercamio.com.co\/mercamiopg-2\/wp-content\/uploads\/2023\/09\/Paneles-solares--600x600.jpeg 600w, https:\/\/mercamio.com.co\/mercamiopg-2\/wp-content\/uploads\/2023\/09\/Paneles-solares--100x100.jpeg 100w, https:\/\/mercamio.com.co\/mercamiopg-2\/wp-content\/uploads\/2023\/09\/Paneles-solares-.jpeg 1080w\" sizes=\"(max-width: 1024px) 100vw, 1024px\" \/>\t\t\t\t\t\t\t\t\t\t\t\t\t<\/div>\n\t\t\t\t<\/div>\n\t\t\t\t<div class=\"elementor-element elementor-element-c1a7e5b elementor-widget__width-initial elementor-widget elementor-widget-video\" data-id=\"c1a7e5b\" data-element_type=\"widget\" data-settings=\"{&quot;youtube_url&quot;:&quot;https:\\\/\\\/www.youtube.com\\\/watch?v=mvjKVb4U3_U&amp;ab_channel=MercamioMercatodo&quot;,&quot;video_type&quot;:&quot;youtube&quot;,&quot;controls&quot;:&quot;yes&quot;}\" data-widget_type=\"video.default\">\n\t\t\t\t<div class=\"elementor-widget-container\">\n\t\t\t<style>\/*! elementor - v3.19.0 - 28-02-2024 *\/\n.elementor-widget-video .elementor-widget-container{overflow:hidden;transform:translateZ(0)}.elementor-widget-video .elementor-wrapper{aspect-ratio:var(--video-aspect-ratio)}.elementor-widget-video .elementor-wrapper iframe,.elementor-widget-video .elementor-wrapper video{height:100%;width:100%;display:flex;border:none;background-color:#000}@supports not (aspect-ratio:1\/1){.elementor-widget-video .elementor-wrapper{position:relative;overflow:hidden;height:0;padding-bottom:calc(100% \/ var(--video-aspect-ratio))}.elementor-widget-video .elementor-wrapper iframe,.elementor-widget-video .elementor-wrapper video{position:absolute;top:0;right:0;bottom:0;left:0}}.elementor-widget-video .elementor-open-inline .elementor-custom-embed-image-overlay{position:absolute;top:0;right:0;bottom:0;left:0;background-size:cover;background-position:50%}.elementor-widget-video .elementor-custom-embed-image-overlay{cursor:pointer;text-align:center}.elementor-widget-video .elementor-custom-embed-image-overlay:hover .elementor-custom-embed-play i{opacity:1}.elementor-widget-video .elementor-custom-embed-image-overlay img{display:block;width:100%;aspect-ratio:var(--video-aspect-ratio);-o-object-fit:cover;object-fit:cover;-o-object-position:center center;object-position:center center}@supports not (aspect-ratio:1\/1){.elementor-widget-video .elementor-custom-embed-image-overlay{position:relative;overflow:hidden;height:0;padding-bottom:calc(100% \/ var(--video-aspect-ratio))}.elementor-widget-video .elementor-custom-embed-image-overlay img{position:absolute;top:0;right:0;bottom:0;left:0}}.elementor-widget-video .e-hosted-video .elementor-video{-o-object-fit:cover;object-fit:cover}.e-con-inner>.elementor-widget-video,.e-con>.elementor-widget-video{width:var(--container-widget-width);--flex-grow:var(--container-widget-flex-grow)}<\/style>\t\t<div class=\"elementor-wrapper elementor-open-inline\">\n\t\t\t<div class=\"elementor-video\"><\/div>\t\t<\/div>\n\t\t\t\t<\/div>\n\t\t\t\t<\/div>\n\t\t\t\t<div class=\"elementor-element elementor-element-0e38c0d elementor-widget__width-initial elementor-widget elementor-widget-video\" data-id=\"0e38c0d\" data-element_type=\"widget\" data-settings=\"{&quot;youtube_url&quot;:&quot;https:\\\/\\\/www.youtube.com\\\/watch?v=h-ovdF9cq8w&quot;,&quot;video_type&quot;:&quot;youtube&quot;,&quot;controls&quot;:&quot;yes&quot;}\" data-widget_type=\"video.default\">\n\t\t\t\t<div class=\"elementor-widget-container\">\n\t\t\t\t\t<div class=\"elementor-wrapper elementor-open-inline\">\n\t\t\t<div class=\"elementor-video\"><\/div>\t\t<\/div>\n\t\t\t\t<\/div>\n\t\t\t\t<\/div>\n\t\t\t\t<div class=\"elementor-element elementor-element-db92a78 elementor-widget__width-initial elementor-widget elementor-widget-video\" data-id=\"db92a78\" data-element_type=\"widget\" data-settings=\"{&quot;youtube_url&quot;:&quot;https:\\\/\\\/www.youtube.com\\\/watch?v=-z9U-0Vn0H4&quot;,&quot;video_type&quot;:&quot;youtube&quot;,&quot;controls&quot;:&quot;yes&quot;}\" data-widget_type=\"video.default\">\n\t\t\t\t<div class=\"elementor-widget-container\">\n\t\t\t\t\t<div class=\"elementor-wrapper elementor-open-inline\">\n\t\t\t<div class=\"elementor-video\"><\/div>\t\t<\/div>\n\t\t\t\t<\/div>\n\t\t\t\t<\/div>\n\t\t\t\t\t<\/div>\n\t\t\t\t<\/div>\n\t\t<div class=\"elementor-element elementor-element-350747f e-flex e-con-boxed e-con e-parent\" data-id=\"350747f\" data-element_type=\"container\" data-settings=\"{&quot;jet_parallax_layout_list&quot;:[],&quot;container_type&quot;:&quot;flex&quot;,&quot;content_width&quot;:&quot;boxed&quot;}\" data-core-v316-plus=\"true\">\n\t\t\t\t\t<div class=\"e-con-inner\">\n\t\t\t\t<div class=\"elementor-element elementor-element-6366170 elementor-widget elementor-widget-text-editor\" data-id=\"6366170\" data-element_type=\"widget\" data-widget_type=\"text-editor.default\">\n\t\t\t\t<div class=\"elementor-widget-container\">\n\t\t\t\t\t\t\t<p>Los Paneles solares reducen la cantidad de gases invernadero que emite la poblacion. Generan un gran impacto a favor del medio ambiente reduciendo la cantidad de combustibles f\u00f3siles que usamos en el diario. Recuerde: que los combustibles f\u00f3siles atacan directamente a la calidad del aire y le genera varios problemas ambientales a nuestro planeta.<\/p>\t\t\t\t\t\t<\/div>\n\t\t\t\t<\/div>\n\t\t\t\t\t<\/div>\n\t\t\t\t<\/div>\n\t\t\t\t<\/div>\n\t\t","protected":false},"excerpt":{"rendered":"<p>Nuestro Compromiso con el\u00a0Medio Ambiente En MERCAMIO y MERCATODO\u00a0nos preocupamos por el cuidado del medio ambiente por eso buscamos\u00a0continuamente mecanismos o procesos que favorezcan de manera interna o externa a la protecci\u00f3n del planeta, de esta manera aportamos nuestro granito de arena, apoyando el cuidado del medio ambiente con proyectos como: Paneles solares Reducci\u00f3n de [&hellip;]<\/p>\n","protected":false},"author":1,"featured_media":0,"parent":0,"menu_order":0,"comment_status":"closed","ping_status":"closed","template":"","meta":{"site-sidebar-layout":"no-sidebar","site-content-layout":"page-builder","ast-site-content-layout":"full-width-container","site-content-style":"default","site-sidebar-style":"default","ast-global-header-display":"","ast-banner-title-visibility":"","ast-main-header-display":"","ast-hfb-above-header-display":"","ast-hfb-below-header-display":"","ast-hfb-mobile-header-display":"","site-post-title":"disabled","ast-breadcrumbs-content":"","ast-featured-img":"disabled","footer-sml-layout":"","theme-transparent-header-meta":"","adv-header-id-meta":"","stick-header-meta":"","header-above-stick-meta":"","header-main-stick-meta":"","header-below-stick-meta":"","astra-migrate-meta-layouts":"set","ast-page-background-enabled":"default","ast-page-background-meta":{"desktop":{"background-color":"","background-image":"","background-repeat":"repeat","background-position":"center center","background-size":"auto","background-attachment":"scroll","background-type":"","background-media":"","overlay-type":"","overlay-color":"","overlay-gradient":""},"tablet":{"background-color":"","background-image":"","background-repeat":"repeat","background-position":"center center","background-size":"auto","background-attachment":"scroll","background-type":"","background-media":"","overlay-type":"","overlay-color":"","overlay-gradient":""},"mobile":{"background-color":"","background-image":"","background-repeat":"repeat","background-position":"center center","background-size":"auto","background-attachment":"scroll","background-type":"","background-media":"","overlay-type":"","overlay-color":"","overlay-gradient":""}},"ast-content-background-meta":{"desktop":{"background-color":"var(--ast-global-color-5)","background-image":"","background-repeat":"repeat","background-position":"center center","background-size":"auto","background-attachment":"scroll","background-type":"","background-media":"","overlay-type":"","overlay-color":"","overlay-gradient":""},"tablet":{"background-color":"var(--ast-global-color-5)","background-image":"","background-repeat":"repeat","background-position":"center center","background-size":"auto","background-attachment":"scroll","background-type":"","background-media":"","overlay-type":"","overlay-color":"","overlay-gradient":""},"mobile":{"background-color":"var(--ast-global-color-5)","background-image":"","background-repeat":"repeat","background-position":"center center","background-size":"auto","background-attachment":"scroll","background-type":"","background-media":"","overlay-type":"","overlay-color":"","overlay-gradient":""}},"footnotes":""},"class_list":["post-5749","page","type-page","status-publish","hentry"],"_links":{"self":[{"href":"https:\/\/mercamio.com.co\/mercamiopg-2\/wp-json\/wp\/v2\/pages\/5749","targetHints":{"allow":["GET"]}}],"collection":[{"href":"https:\/\/mercamio.com.co\/mercamiopg-2\/wp-json\/wp\/v2\/pages"}],"about":[{"href":"https:\/\/mercamio.com.co\/mercamiopg-2\/wp-json\/wp\/v2\/types\/page"}],"author":[{"embeddable":true,"href":"https:\/\/mercamio.com.co\/mercamiopg-2\/wp-json\/wp\/v2\/users\/1"}],"replies":[{"embeddable":true,"href":"https:\/\/mercamio.com.co\/mercamiopg-2\/wp-json\/wp\/v2\/comments?post=5749"}],"version-history":[{"count":25,"href":"https:\/\/mercamio.com.co\/mercamiopg-2\/wp-json\/wp\/v2\/pages\/5749\/revisions"}],"predecessor-version":[{"id":5795,"href":"https:\/\/mercamio.com.co\/mercamiopg-2\/wp-json\/wp\/v2\/pages\/5749\/revisions\/5795"}],"wp:attachment":[{"href":"https:\/\/mercamio.com.co\/mercamiopg-2\/wp-json\/wp\/v2\/media?parent=5749"}],"curies":[{"name":"wp","href":"https:\/\/api.w.org\/{rel}","templated":true}]}}