{"id":5796,"date":"2023-09-14T21:19:31","date_gmt":"2023-09-14T19:19:31","guid":{"rendered":"https:\/\/mercamio.com.co\/mercamiopg-2\/?page_id=5796"},"modified":"2023-09-14T21:23:38","modified_gmt":"2023-09-14T19:23:38","slug":"quienes-somos","status":"publish","type":"page","link":"https:\/\/mercamio.com.co\/mercamiopg-2\/quienes-somos\/","title":{"rendered":"Quienes somos"},"content":{"rendered":"\t\t<div data-elementor-type=\"wp-page\" data-elementor-id=\"5796\" class=\"elementor elementor-5796\" data-elementor-post-type=\"page\">\n\t\t\t\t<div class=\"elementor-element elementor-element-4c424ba e-flex e-con-boxed e-con e-parent\" data-id=\"4c424ba\" data-element_type=\"container\" data-settings=\"{&quot;jet_parallax_layout_list&quot;:[],&quot;container_type&quot;:&quot;flex&quot;,&quot;content_width&quot;:&quot;boxed&quot;}\" data-core-v316-plus=\"true\">\n\t\t\t\t\t<div class=\"e-con-inner\">\n\t\t<div class=\"elementor-element elementor-element-a9c7e2c e-con-full e-flex e-con e-parent\" data-id=\"a9c7e2c\" data-element_type=\"container\" data-settings=\"{&quot;content_width&quot;:&quot;full&quot;,&quot;jet_parallax_layout_list&quot;:[],&quot;container_type&quot;:&quot;flex&quot;}\" data-core-v316-plus=\"true\">\n\t\t\t\t<div class=\"elementor-element elementor-element-f49ff5d elementor-widget elementor-widget-image\" data-id=\"f49ff5d\" data-element_type=\"widget\" data-widget_type=\"image.default\">\n\t\t\t\t<div class=\"elementor-widget-container\">\n\t\t\t<style>\/*! elementor - v3.19.0 - 28-02-2024 *\/\n.elementor-widget-image{text-align:center}.elementor-widget-image a{display:inline-block}.elementor-widget-image a img[src$=\".svg\"]{width:48px}.elementor-widget-image img{vertical-align:middle;display:inline-block}<\/style>\t\t\t\t\t\t\t\t\t\t<img fetchpriority=\"high\" decoding=\"async\" width=\"1024\" height=\"1024\" src=\"https:\/\/mercamio.com.co\/mercamiopg-2\/wp-content\/uploads\/2023\/09\/Mision-1024x1024.png\" class=\"attachment-large size-large wp-image-5798\" alt=\"\" srcset=\"https:\/\/mercamio.com.co\/mercamiopg-2\/wp-content\/uploads\/2023\/09\/Mision-1024x1024.png 1024w, https:\/\/mercamio.com.co\/mercamiopg-2\/wp-content\/uploads\/2023\/09\/Mision-300x300.png 300w, https:\/\/mercamio.com.co\/mercamiopg-2\/wp-content\/uploads\/2023\/09\/Mision-150x150.png 150w, https:\/\/mercamio.com.co\/mercamiopg-2\/wp-content\/uploads\/2023\/09\/Mision-768x768.png 768w, https:\/\/mercamio.com.co\/mercamiopg-2\/wp-content\/uploads\/2023\/09\/Mision-600x600.png 600w, https:\/\/mercamio.com.co\/mercamiopg-2\/wp-content\/uploads\/2023\/09\/Mision-100x100.png 100w, https:\/\/mercamio.com.co\/mercamiopg-2\/wp-content\/uploads\/2023\/09\/Mision.png 1080w\" sizes=\"(max-width: 1024px) 100vw, 1024px\" \/>\t\t\t\t\t\t\t\t\t\t\t\t\t<\/div>\n\t\t\t\t<\/div>\n\t\t\t\t<div class=\"elementor-element elementor-element-94e327d elementor-widget elementor-widget-heading\" data-id=\"94e327d\" data-element_type=\"widget\" data-widget_type=\"heading.default\">\n\t\t\t\t<div class=\"elementor-widget-container\">\n\t\t\t<style>\/*! elementor - v3.19.0 - 28-02-2024 *\/\n.elementor-heading-title{padding:0;margin:0;line-height:1}.elementor-widget-heading .elementor-heading-title[class*=elementor-size-]>a{color:inherit;font-size:inherit;line-height:inherit}.elementor-widget-heading .elementor-heading-title.elementor-size-small{font-size:15px}.elementor-widget-heading .elementor-heading-title.elementor-size-medium{font-size:19px}.elementor-widget-heading .elementor-heading-title.elementor-size-large{font-size:29px}.elementor-widget-heading .elementor-heading-title.elementor-size-xl{font-size:39px}.elementor-widget-heading .elementor-heading-title.elementor-size-xxl{font-size:59px}<\/style><h3 class=\"elementor-heading-title elementor-size-default\">Misi\u00f3n<\/h3>\t\t<\/div>\n\t\t\t\t<\/div>\n\t\t\t\t<div class=\"elementor-element elementor-element-1778f79 elementor-widget elementor-widget-text-editor\" data-id=\"1778f79\" data-element_type=\"widget\" data-widget_type=\"text-editor.default\">\n\t\t\t\t<div class=\"elementor-widget-container\">\n\t\t\t<style>\/*! elementor - v3.19.0 - 28-02-2024 *\/\n.elementor-widget-text-editor.elementor-drop-cap-view-stacked .elementor-drop-cap{background-color:#69727d;color:#fff}.elementor-widget-text-editor.elementor-drop-cap-view-framed .elementor-drop-cap{color:#69727d;border:3px solid;background-color:transparent}.elementor-widget-text-editor:not(.elementor-drop-cap-view-default) .elementor-drop-cap{margin-top:8px}.elementor-widget-text-editor:not(.elementor-drop-cap-view-default) .elementor-drop-cap-letter{width:1em;height:1em}.elementor-widget-text-editor .elementor-drop-cap{float:left;text-align:center;line-height:1;font-size:50px}.elementor-widget-text-editor .elementor-drop-cap-letter{display:inline-block}<\/style>\t\t\t\t<p>Satisfacer las necesidades de consumo de nuestros clientes, ofreciendo productos a precios justos y excelente calidad con un grupo de colaboradores con alto grado de compromiso dispuestos a ofrecer buen servicio. Buscamos diariamente alianzas estrat\u00e9gicas que nos permitan ser m\u00e1s competitivos cada d\u00eda para desarrollar de la mejor forma la comercializaci\u00f3n en nuestros establecimientos, contribuyendo al mejoramiento de la calidad de vida de los consumidores<\/p>\t\t\t\t\t\t<\/div>\n\t\t\t\t<\/div>\n\t\t\t\t<\/div>\n\t\t<div class=\"elementor-element elementor-element-984d6e5 e-con-full e-flex e-con e-parent\" data-id=\"984d6e5\" data-element_type=\"container\" data-settings=\"{&quot;content_width&quot;:&quot;full&quot;,&quot;jet_parallax_layout_list&quot;:[],&quot;container_type&quot;:&quot;flex&quot;}\" data-core-v316-plus=\"true\">\n\t\t\t\t<div class=\"elementor-element elementor-element-240c6c3 elementor-widget elementor-widget-image\" data-id=\"240c6c3\" data-element_type=\"widget\" data-widget_type=\"image.default\">\n\t\t\t\t<div class=\"elementor-widget-container\">\n\t\t\t\t\t\t\t\t\t\t\t\t\t<img decoding=\"async\" width=\"1024\" height=\"1024\" src=\"https:\/\/mercamio.com.co\/mercamiopg-2\/wp-content\/uploads\/2023\/09\/Vision-1024x1024.png\" class=\"attachment-large size-large wp-image-5800\" alt=\"\" srcset=\"https:\/\/mercamio.com.co\/mercamiopg-2\/wp-content\/uploads\/2023\/09\/Vision-1024x1024.png 1024w, https:\/\/mercamio.com.co\/mercamiopg-2\/wp-content\/uploads\/2023\/09\/Vision-300x300.png 300w, https:\/\/mercamio.com.co\/mercamiopg-2\/wp-content\/uploads\/2023\/09\/Vision-150x150.png 150w, https:\/\/mercamio.com.co\/mercamiopg-2\/wp-content\/uploads\/2023\/09\/Vision-768x768.png 768w, https:\/\/mercamio.com.co\/mercamiopg-2\/wp-content\/uploads\/2023\/09\/Vision-600x600.png 600w, https:\/\/mercamio.com.co\/mercamiopg-2\/wp-content\/uploads\/2023\/09\/Vision-100x100.png 100w, https:\/\/mercamio.com.co\/mercamiopg-2\/wp-content\/uploads\/2023\/09\/Vision.png 1080w\" sizes=\"(max-width: 1024px) 100vw, 1024px\" \/>\t\t\t\t\t\t\t\t\t\t\t\t\t<\/div>\n\t\t\t\t<\/div>\n\t\t\t\t<div class=\"elementor-element elementor-element-ab069e2 elementor-widget elementor-widget-heading\" data-id=\"ab069e2\" data-element_type=\"widget\" data-widget_type=\"heading.default\">\n\t\t\t\t<div class=\"elementor-widget-container\">\n\t\t\t<h3 class=\"elementor-heading-title elementor-size-default\">Visi\u00f3n<\/h3>\t\t<\/div>\n\t\t\t\t<\/div>\n\t\t\t\t<div class=\"elementor-element elementor-element-7d8dffe elementor-widget elementor-widget-text-editor\" data-id=\"7d8dffe\" data-element_type=\"widget\" data-widget_type=\"text-editor.default\">\n\t\t\t\t<div class=\"elementor-widget-container\">\n\t\t\t\t\t\t\t<p>Permanecer en el mercado, siendo la mejor opci\u00f3n para las compras de nuestros consumidores, utilizando nuestros conocimientos, experiencia, comunicaci\u00f3n y talento humano como garant\u00eda de calidad y precios competitivos, para mantener la confianza y lealtad en nuestros clientes.<\/p>\t\t\t\t\t\t<\/div>\n\t\t\t\t<\/div>\n\t\t\t\t<\/div>\n\t\t<div class=\"elementor-element elementor-element-d067233 e-con-full e-flex e-con e-parent\" data-id=\"d067233\" data-element_type=\"container\" data-settings=\"{&quot;content_width&quot;:&quot;full&quot;,&quot;jet_parallax_layout_list&quot;:[],&quot;container_type&quot;:&quot;flex&quot;}\" data-core-v316-plus=\"true\">\n\t\t\t\t<div class=\"elementor-element elementor-element-e4ffe24 elementor-widget elementor-widget-image\" data-id=\"e4ffe24\" data-element_type=\"widget\" data-widget_type=\"image.default\">\n\t\t\t\t<div class=\"elementor-widget-container\">\n\t\t\t\t\t\t\t\t\t\t\t\t\t<img decoding=\"async\" width=\"1024\" height=\"1024\" src=\"https:\/\/mercamio.com.co\/mercamiopg-2\/wp-content\/uploads\/2023\/09\/Valores-1024x1024.png\" class=\"attachment-large size-large wp-image-5799\" alt=\"\" srcset=\"https:\/\/mercamio.com.co\/mercamiopg-2\/wp-content\/uploads\/2023\/09\/Valores-1024x1024.png 1024w, https:\/\/mercamio.com.co\/mercamiopg-2\/wp-content\/uploads\/2023\/09\/Valores-300x300.png 300w, https:\/\/mercamio.com.co\/mercamiopg-2\/wp-content\/uploads\/2023\/09\/Valores-150x150.png 150w, https:\/\/mercamio.com.co\/mercamiopg-2\/wp-content\/uploads\/2023\/09\/Valores-768x768.png 768w, https:\/\/mercamio.com.co\/mercamiopg-2\/wp-content\/uploads\/2023\/09\/Valores-600x600.png 600w, https:\/\/mercamio.com.co\/mercamiopg-2\/wp-content\/uploads\/2023\/09\/Valores-100x100.png 100w, https:\/\/mercamio.com.co\/mercamiopg-2\/wp-content\/uploads\/2023\/09\/Valores.png 1080w\" sizes=\"(max-width: 1024px) 100vw, 1024px\" \/>\t\t\t\t\t\t\t\t\t\t\t\t\t<\/div>\n\t\t\t\t<\/div>\n\t\t\t\t<div class=\"elementor-element elementor-element-c7a463e elementor-widget elementor-widget-heading\" data-id=\"c7a463e\" data-element_type=\"widget\" data-widget_type=\"heading.default\">\n\t\t\t\t<div class=\"elementor-widget-container\">\n\t\t\t<h3 class=\"elementor-heading-title elementor-size-default\">Principios y Valores<\/h3>\t\t<\/div>\n\t\t\t\t<\/div>\n\t\t\t\t<div class=\"elementor-element elementor-element-91298d6 elementor-widget elementor-widget-text-editor\" data-id=\"91298d6\" data-element_type=\"widget\" data-widget_type=\"text-editor.default\">\n\t\t\t\t<div class=\"elementor-widget-container\">\n\t\t\t\t\t\t\t<p><strong>*<\/strong>\u00a0Orientaci\u00f3n al Cliente<br \/><strong>*<\/strong>\u00a0Calidad del servicio<br \/><strong>*<\/strong>\u00a0Capital Humano<br \/><strong>*<\/strong>\u00a0Desarrollo interno<br \/><a href=\"http:\/\/mercamio.com.co\/mercamiopg\/wp-content\/themes\/mercamiomercatodo\/PlataformaEstrategica.pdf\">Mas informacion<\/a><\/p>\t\t\t\t\t\t<\/div>\n\t\t\t\t<\/div>\n\t\t\t\t<\/div>\n\t\t\t\t\t<\/div>\n\t\t\t\t<\/div>\n\t\t\t\t<\/div>\n\t\t","protected":false},"excerpt":{"rendered":"<p>Misi\u00f3n Satisfacer las necesidades de consumo de nuestros clientes, ofreciendo productos a precios justos y excelente calidad con un grupo de colaboradores con alto grado de compromiso dispuestos a ofrecer buen servicio. Buscamos diariamente alianzas estrat\u00e9gicas que nos permitan ser m\u00e1s competitivos cada d\u00eda para desarrollar de la mejor forma la comercializaci\u00f3n en nuestros establecimientos, [&hellip;]<\/p>\n","protected":false},"author":1,"featured_media":0,"parent":0,"menu_order":0,"comment_status":"closed","ping_status":"closed","template":"","meta":{"site-sidebar-layout":"no-sidebar","site-content-layout":"page-builder","ast-site-content-layout":"full-width-container","site-content-style":"default","site-sidebar-style":"default","ast-global-header-display":"","ast-banner-title-visibility":"","ast-main-header-display":"","ast-hfb-above-header-display":"","ast-hfb-below-header-display":"","ast-hfb-mobile-header-display":"","site-post-title":"disabled","ast-breadcrumbs-content":"","ast-featured-img":"disabled","footer-sml-layout":"","theme-transparent-header-meta":"","adv-header-id-meta":"","stick-header-meta":"","header-above-stick-meta":"","header-main-stick-meta":"","header-below-stick-meta":"","astra-migrate-meta-layouts":"set","ast-page-background-enabled":"default","ast-page-background-meta":{"desktop":{"background-color":"","background-image":"","background-repeat":"repeat","background-position":"center center","background-size":"auto","background-attachment":"scroll","background-type":"","background-media":"","overlay-type":"","overlay-color":"","overlay-gradient":""},"tablet":{"background-color":"","background-image":"","background-repeat":"repeat","background-position":"center center","background-size":"auto","background-attachment":"scroll","background-type":"","background-media":"","overlay-type":"","overlay-color":"","overlay-gradient":""},"mobile":{"background-color":"","background-image":"","background-repeat":"repeat","background-position":"center center","background-size":"auto","background-attachment":"scroll","background-type":"","background-media":"","overlay-type":"","overlay-color":"","overlay-gradient":""}},"ast-content-background-meta":{"desktop":{"background-color":"var(--ast-global-color-5)","background-image":"","background-repeat":"repeat","background-position":"center center","background-size":"auto","background-attachment":"scroll","background-type":"","background-media":"","overlay-type":"","overlay-color":"","overlay-gradient":""},"tablet":{"background-color":"var(--ast-global-color-5)","background-image":"","background-repeat":"repeat","background-position":"center center","background-size":"auto","background-attachment":"scroll","background-type":"","background-media":"","overlay-type":"","overlay-color":"","overlay-gradient":""},"mobile":{"background-color":"var(--ast-global-color-5)","background-image":"","background-repeat":"repeat","background-position":"center center","background-size":"auto","background-attachment":"scroll","background-type":"","background-media":"","overlay-type":"","overlay-color":"","overlay-gradient":""}},"footnotes":""},"class_list":["post-5796","page","type-page","status-publish","hentry"],"_links":{"self":[{"href":"https:\/\/mercamio.com.co\/mercamiopg-2\/wp-json\/wp\/v2\/pages\/5796","targetHints":{"allow":["GET"]}}],"collection":[{"href":"https:\/\/mercamio.com.co\/mercamiopg-2\/wp-json\/wp\/v2\/pages"}],"about":[{"href":"https:\/\/mercamio.com.co\/mercamiopg-2\/wp-json\/wp\/v2\/types\/page"}],"author":[{"embeddable":true,"href":"https:\/\/mercamio.com.co\/mercamiopg-2\/wp-json\/wp\/v2\/users\/1"}],"replies":[{"embeddable":true,"href":"https:\/\/mercamio.com.co\/mercamiopg-2\/wp-json\/wp\/v2\/comments?post=5796"}],"version-history":[{"count":7,"href":"https:\/\/mercamio.com.co\/mercamiopg-2\/wp-json\/wp\/v2\/pages\/5796\/revisions"}],"predecessor-version":[{"id":5806,"href":"https:\/\/mercamio.com.co\/mercamiopg-2\/wp-json\/wp\/v2\/pages\/5796\/revisions\/5806"}],"wp:attachment":[{"href":"https:\/\/mercamio.com.co\/mercamiopg-2\/wp-json\/wp\/v2\/media?parent=5796"}],"curies":[{"name":"wp","href":"https:\/\/api.w.org\/{rel}","templated":true}]}}