{"id":6073,"date":"2024-03-01T17:30:17","date_gmt":"2024-03-01T16:30:17","guid":{"rendered":"https:\/\/mercamio.com.co\/mercamiopg-2\/?page_id=6073"},"modified":"2026-04-06T09:56:23","modified_gmt":"2026-04-06T14:56:23","slug":"mercamio-palmira","status":"publish","type":"page","link":"https:\/\/mercamio.com.co\/mercamiopg-2\/sucursales\/mercamio-palmira\/","title":{"rendered":"Mercamio Las Am\u00e9ricas (Palmira)"},"content":{"rendered":"\t\t<div data-elementor-type=\"wp-page\" data-elementor-id=\"6073\" class=\"elementor elementor-6073\" data-elementor-post-type=\"page\">\n\t\t\t\t<div class=\"elementor-element elementor-element-a7fb77e e-con-full e-flex e-con e-parent\" data-id=\"a7fb77e\" data-element_type=\"container\" data-settings=\"{&quot;jet_parallax_layout_list&quot;:[],&quot;content_width&quot;:&quot;full&quot;,&quot;container_type&quot;:&quot;flex&quot;}\" data-core-v316-plus=\"true\">\n\t\t\t\t<div class=\"elementor-element elementor-element-a1d5ecc elementor-widget elementor-widget-image\" data-id=\"a1d5ecc\" data-element_type=\"widget\" data-widget_type=\"image.default\">\n\t\t\t\t<div class=\"elementor-widget-container\">\n\t\t\t<style>\/*! elementor - v3.19.0 - 28-02-2024 *\/\n.elementor-widget-image{text-align:center}.elementor-widget-image a{display:inline-block}.elementor-widget-image a img[src$=\".svg\"]{width:48px}.elementor-widget-image img{vertical-align:middle;display:inline-block}<\/style>\t\t\t\t\t\t\t\t\t\t<img fetchpriority=\"high\" decoding=\"async\" width=\"1301\" height=\"89\" src=\"https:\/\/mercamio.com.co\/mercamiopg-2\/wp-content\/uploads\/2023\/09\/cabecera5.png\" class=\"attachment-full size-full wp-image-5481\" alt=\"\" srcset=\"https:\/\/mercamio.com.co\/mercamiopg-2\/wp-content\/uploads\/2023\/09\/cabecera5.png 1301w, https:\/\/mercamio.com.co\/mercamiopg-2\/wp-content\/uploads\/2023\/09\/cabecera5-300x21.png 300w, https:\/\/mercamio.com.co\/mercamiopg-2\/wp-content\/uploads\/2023\/09\/cabecera5-1024x70.png 1024w, https:\/\/mercamio.com.co\/mercamiopg-2\/wp-content\/uploads\/2023\/09\/cabecera5-768x53.png 768w, https:\/\/mercamio.com.co\/mercamiopg-2\/wp-content\/uploads\/2023\/09\/cabecera5-600x41.png 600w\" sizes=\"(max-width: 1301px) 100vw, 1301px\" \/>\t\t\t\t\t\t\t\t\t\t\t\t\t<\/div>\n\t\t\t\t<\/div>\n\t\t\t\t<div class=\"elementor-element elementor-element-1a7a083 elementor-widget__width-initial elementor-widget elementor-widget-heading\" data-id=\"1a7a083\" data-element_type=\"widget\" data-widget_type=\"heading.default\">\n\t\t\t\t<div class=\"elementor-widget-container\">\n\t\t\t<style>\/*! elementor - v3.19.0 - 28-02-2024 *\/\n.elementor-heading-title{padding:0;margin:0;line-height:1}.elementor-widget-heading .elementor-heading-title[class*=elementor-size-]>a{color:inherit;font-size:inherit;line-height:inherit}.elementor-widget-heading .elementor-heading-title.elementor-size-small{font-size:15px}.elementor-widget-heading .elementor-heading-title.elementor-size-medium{font-size:19px}.elementor-widget-heading .elementor-heading-title.elementor-size-large{font-size:29px}.elementor-widget-heading .elementor-heading-title.elementor-size-xl{font-size:39px}.elementor-widget-heading .elementor-heading-title.elementor-size-xxl{font-size:59px}<\/style><h2 class=\"elementor-heading-title elementor-size-default\">Mercamio  Palmira<\/h2>\t\t<\/div>\n\t\t\t\t<\/div>\n\t\t\t\t<\/div>\n\t\t<div class=\"elementor-element elementor-element-7fe3f07 e-flex e-con-boxed e-con e-parent\" data-id=\"7fe3f07\" data-element_type=\"container\" data-settings=\"{&quot;jet_parallax_layout_list&quot;:[],&quot;container_type&quot;:&quot;flex&quot;,&quot;content_width&quot;:&quot;boxed&quot;}\" data-core-v316-plus=\"true\">\n\t\t\t\t\t<div class=\"e-con-inner\">\n\t\t\t\t<div class=\"elementor-element elementor-element-6142964 elementor-widget elementor-widget-text-editor\" data-id=\"6142964\" data-element_type=\"widget\" data-widget_type=\"text-editor.default\">\n\t\t\t\t<div class=\"elementor-widget-container\">\n\t\t\t<style>\/*! elementor - v3.19.0 - 28-02-2024 *\/\n.elementor-widget-text-editor.elementor-drop-cap-view-stacked .elementor-drop-cap{background-color:#69727d;color:#fff}.elementor-widget-text-editor.elementor-drop-cap-view-framed .elementor-drop-cap{color:#69727d;border:3px solid;background-color:transparent}.elementor-widget-text-editor:not(.elementor-drop-cap-view-default) .elementor-drop-cap{margin-top:8px}.elementor-widget-text-editor:not(.elementor-drop-cap-view-default) .elementor-drop-cap-letter{width:1em;height:1em}.elementor-widget-text-editor .elementor-drop-cap{float:left;text-align:center;line-height:1;font-size:50px}.elementor-widget-text-editor .elementor-drop-cap-letter{display:inline-block}<\/style>\t\t\t\t<h4 style=\"text-align: center;\">Conoce aqu\u00ed las mejores ofertas<\/h4><p style=\"text-align: center;\"><div class=\"_df_book df-lite\" id=\"df_5974\"  data-title=\"carrera-39\" _slug=\"5842-3\" wpoptions=\"true\" thumbtype=\"\" ><\/div><script class=\"df-shortcode-script\" type=\"application\/javascript\">window.option_df_5974 = {\"outline\":[],\"autoEnableOutline\":\"false\",\"autoEnableThumbnail\":\"false\",\"overwritePDFOutline\":\"false\",\"backgroundImage\":\"https:\\\/\\\/mercamio.com.co\\\/mercamiopg-2\\\/wp-content\\\/uploads\\\/2023\\\/09\\\/OIG-2.jpg\",\"direction\":\"1\",\"pageSize\":\"0\",\"source\":\"https:\\\/\\\/mercamio.com.co\\\/mercamiopg-2\\\/wp-content\\\/uploads\\\/2026\\\/04\\\/10_13_de-Abril.pdf\",\"wpOptions\":\"true\"}; if(window.DFLIP && window.DFLIP.parseBooks){window.DFLIP.parseBooks();}<\/script><\/p>\t\t\t\t\t\t<\/div>\n\t\t\t\t<\/div>\n\t\t\t\t<div class=\"elementor-element elementor-element-ec9dd85 elementor-widget elementor-widget-image\" data-id=\"ec9dd85\" data-element_type=\"widget\" data-widget_type=\"image.default\">\n\t\t\t\t<div class=\"elementor-widget-container\">\n\t\t\t\t\t\t\t\t\t\t\t\t\t\t<a href=\"https:\/\/mercamio.com\/\">\n\t\t\t\t\t\t\t<img decoding=\"async\" width=\"1024\" height=\"40\" src=\"https:\/\/mercamio.com.co\/mercamiopg-2\/wp-content\/uploads\/2024\/06\/banner_apiezas_internas_propuesta_02--1024x40.jpg\" class=\"attachment-large size-large wp-image-6440\" alt=\"\" srcset=\"https:\/\/mercamio.com.co\/mercamiopg-2\/wp-content\/uploads\/2024\/06\/banner_apiezas_internas_propuesta_02--1024x40.jpg 1024w, https:\/\/mercamio.com.co\/mercamiopg-2\/wp-content\/uploads\/2024\/06\/banner_apiezas_internas_propuesta_02--300x12.jpg 300w, https:\/\/mercamio.com.co\/mercamiopg-2\/wp-content\/uploads\/2024\/06\/banner_apiezas_internas_propuesta_02--768x30.jpg 768w, https:\/\/mercamio.com.co\/mercamiopg-2\/wp-content\/uploads\/2024\/06\/banner_apiezas_internas_propuesta_02--1536x59.jpg 1536w, https:\/\/mercamio.com.co\/mercamiopg-2\/wp-content\/uploads\/2024\/06\/banner_apiezas_internas_propuesta_02--2048x79.jpg 2048w\" sizes=\"(max-width: 1024px) 100vw, 1024px\" \/>\t\t\t\t\t\t\t\t<\/a>\n\t\t\t\t\t\t\t\t\t\t\t\t\t<\/div>\n\t\t\t\t<\/div>\n\t\t\t\t<div class=\"elementor-element elementor-element-beda673 elementor-widget elementor-widget-text-editor\" data-id=\"beda673\" data-element_type=\"widget\" data-widget_type=\"text-editor.default\">\n\t\t\t\t<div class=\"elementor-widget-container\">\n\t\t\t\t\t\t\t<h5 align=\"center\">Direcci\u00f3n:<\/h5><h5 align=\"center\">Cra. 24 Nte. #14b-29, Palmira, Valle del Cauca<br \/>Tel\u00e9fono : 310 2755345<\/h5><h5 align=\"center\">Horario de atenci\u00f3n:<\/h5><h5 align=\"center\">Lunes a S\u00e1bado de 8:00 A.M &#8211; 8:30 P.M Domingos y Festivos de 8:30 A.M &#8211; 8:00 P.M.<\/h5><h5 align=\"center\">\u00a0<\/h5>\t\t\t\t\t\t<\/div>\n\t\t\t\t<\/div>\n\t\t\t\t<div class=\"elementor-element elementor-element-29f1209 elementor-widget elementor-widget-heading\" data-id=\"29f1209\" data-element_type=\"widget\" data-widget_type=\"heading.default\">\n\t\t\t\t<div class=\"elementor-widget-container\">\n\t\t\t<h2 class=\"elementor-heading-title elementor-size-default\">Como Llegar?<\/h2>\t\t<\/div>\n\t\t\t\t<\/div>\n\t\t\t\t\t<\/div>\n\t\t\t\t<\/div>\n\t\t<div class=\"elementor-element elementor-element-f304cf5 e-flex e-con-boxed e-con e-parent\" data-id=\"f304cf5\" data-element_type=\"container\" data-settings=\"{&quot;jet_parallax_layout_list&quot;:[],&quot;container_type&quot;:&quot;flex&quot;,&quot;content_width&quot;:&quot;boxed&quot;}\" data-core-v316-plus=\"true\">\n\t\t\t\t\t<div class=\"e-con-inner\">\n\t\t<div class=\"elementor-element elementor-element-21b154c e-con-full e-flex e-con e-child\" data-id=\"21b154c\" data-element_type=\"container\" data-settings=\"{&quot;content_width&quot;:&quot;full&quot;,&quot;jet_parallax_layout_list&quot;:[],&quot;container_type&quot;:&quot;flex&quot;}\">\n\t\t\t\t<div class=\"elementor-element elementor-element-4766292 elementor-widget-mobile__width-initial elementor-widget elementor-widget-google_maps\" data-id=\"4766292\" data-element_type=\"widget\" data-widget_type=\"google_maps.default\">\n\t\t\t\t<div class=\"elementor-widget-container\">\n\t\t\t<style>\/*! elementor - v3.19.0 - 28-02-2024 *\/\n.elementor-widget-google_maps .elementor-widget-container{overflow:hidden}.elementor-widget-google_maps .elementor-custom-embed{line-height:0}.elementor-widget-google_maps iframe{height:300px}<\/style>\t\t<div class=\"elementor-custom-embed\">\n\t\t\t<iframe loading=\"lazy\"\n\t\t\t\t\tsrc=\"https:\/\/maps.google.com\/maps?q=Mercamio%20palmira&#038;t=m&#038;z=16&#038;output=embed&#038;iwloc=near\"\n\t\t\t\t\ttitle=\"Mercamio palmira\"\n\t\t\t\t\taria-label=\"Mercamio palmira\"\n\t\t\t><\/iframe>\n\t\t<\/div>\n\t\t\t\t<\/div>\n\t\t\t\t<\/div>\n\t\t\t\t<\/div>\n\t\t\t\t\t<\/div>\n\t\t\t\t<\/div>\n\t\t<div class=\"elementor-element elementor-element-bd3b9b5 e-flex e-con-boxed e-con e-parent\" data-id=\"bd3b9b5\" data-element_type=\"container\" data-settings=\"{&quot;jet_parallax_layout_list&quot;:[],&quot;container_type&quot;:&quot;flex&quot;,&quot;content_width&quot;:&quot;boxed&quot;}\" data-core-v316-plus=\"true\">\n\t\t\t\t\t<div class=\"e-con-inner\">\n\t\t\t\t<div class=\"elementor-element elementor-element-62c2cb4 elementor-widget__width-initial elementor-widget-mobile__width-initial elementor-widget elementor-widget-image\" data-id=\"62c2cb4\" data-element_type=\"widget\" data-widget_type=\"image.default\">\n\t\t\t\t<div class=\"elementor-widget-container\">\n\t\t\t\t\t\t\t\t\t\t\t\t\t\t<a href=\"http:\/\/mercamio.com.co\/descargavolante\">\n\t\t\t\t\t\t\t<img decoding=\"async\" width=\"1080\" height=\"1080\" src=\"https:\/\/mercamio.com.co\/mercamiopg-2\/wp-content\/uploads\/2023\/09\/qrs.png\" class=\"attachment-full size-full wp-image-5518\" alt=\"\" srcset=\"https:\/\/mercamio.com.co\/mercamiopg-2\/wp-content\/uploads\/2023\/09\/qrs.png 1080w, https:\/\/mercamio.com.co\/mercamiopg-2\/wp-content\/uploads\/2023\/09\/qrs-300x300.png 300w, https:\/\/mercamio.com.co\/mercamiopg-2\/wp-content\/uploads\/2023\/09\/qrs-1024x1024.png 1024w, https:\/\/mercamio.com.co\/mercamiopg-2\/wp-content\/uploads\/2023\/09\/qrs-150x150.png 150w, https:\/\/mercamio.com.co\/mercamiopg-2\/wp-content\/uploads\/2023\/09\/qrs-768x768.png 768w, https:\/\/mercamio.com.co\/mercamiopg-2\/wp-content\/uploads\/2023\/09\/qrs-600x600.png 600w, https:\/\/mercamio.com.co\/mercamiopg-2\/wp-content\/uploads\/2023\/09\/qrs-100x100.png 100w\" sizes=\"(max-width: 1080px) 100vw, 1080px\" \/>\t\t\t\t\t\t\t\t<\/a>\n\t\t\t\t\t\t\t\t\t\t\t\t\t<\/div>\n\t\t\t\t<\/div>\n\t\t\t\t<div class=\"elementor-element elementor-element-5755a91 elementor-widget__width-initial elementor-widget-mobile__width-initial elementor-widget elementor-widget-image\" data-id=\"5755a91\" data-element_type=\"widget\" data-widget_type=\"image.default\">\n\t\t\t\t<div class=\"elementor-widget-container\">\n\t\t\t\t\t\t\t\t\t\t\t\t\t\t<a href=\"https:\/\/mercamio.com.co\/mercamiopg\/registroCliente.php\">\n\t\t\t\t\t\t\t<img loading=\"lazy\" decoding=\"async\" width=\"1024\" height=\"1024\" src=\"https:\/\/mercamio.com.co\/mercamiopg-2\/wp-content\/uploads\/2023\/09\/qr_redes-1024x1024.jpeg\" class=\"attachment-large size-large wp-image-5519\" alt=\"\" srcset=\"https:\/\/mercamio.com.co\/mercamiopg-2\/wp-content\/uploads\/2023\/09\/qr_redes-1024x1024.jpeg 1024w, https:\/\/mercamio.com.co\/mercamiopg-2\/wp-content\/uploads\/2023\/09\/qr_redes-300x300.jpeg 300w, https:\/\/mercamio.com.co\/mercamiopg-2\/wp-content\/uploads\/2023\/09\/qr_redes-150x150.jpeg 150w, https:\/\/mercamio.com.co\/mercamiopg-2\/wp-content\/uploads\/2023\/09\/qr_redes-768x768.jpeg 768w, https:\/\/mercamio.com.co\/mercamiopg-2\/wp-content\/uploads\/2023\/09\/qr_redes-600x600.jpeg 600w, https:\/\/mercamio.com.co\/mercamiopg-2\/wp-content\/uploads\/2023\/09\/qr_redes-100x100.jpeg 100w, https:\/\/mercamio.com.co\/mercamiopg-2\/wp-content\/uploads\/2023\/09\/qr_redes.jpeg 1080w\" sizes=\"(max-width: 1024px) 100vw, 1024px\" \/>\t\t\t\t\t\t\t\t<\/a>\n\t\t\t\t\t\t\t\t\t\t\t\t\t<\/div>\n\t\t\t\t<\/div>\n\t\t\t\t<div class=\"elementor-element elementor-element-e358a3a elementor-widget__width-initial elementor-widget-mobile__width-initial elementor-widget elementor-widget-image\" data-id=\"e358a3a\" data-element_type=\"widget\" data-widget_type=\"image.default\">\n\t\t\t\t<div class=\"elementor-widget-container\">\n\t\t\t\t\t\t\t\t\t\t\t\t\t<img loading=\"lazy\" decoding=\"async\" width=\"518\" height=\"518\" src=\"https:\/\/mercamio.com.co\/mercamiopg-2\/wp-content\/uploads\/2023\/09\/Redes_sociales_pag.gif\" class=\"attachment-large size-large wp-image-5520\" alt=\"\" \/>\t\t\t\t\t\t\t\t\t\t\t\t\t<\/div>\n\t\t\t\t<\/div>\n\t\t\t\t<div class=\"elementor-element elementor-element-7d57299 elementor-widget__width-initial elementor-widget-mobile__width-initial elementor-widget elementor-widget-image\" data-id=\"7d57299\" data-element_type=\"widget\" data-widget_type=\"image.default\">\n\t\t\t\t<div class=\"elementor-widget-container\">\n\t\t\t\t\t\t\t\t\t\t\t\t\t<img loading=\"lazy\" decoding=\"async\" width=\"1024\" height=\"1024\" src=\"https:\/\/mercamio.com.co\/mercamiopg-2\/wp-content\/uploads\/2023\/09\/Del-campo-a-tu-casa-1024x1024.png\" class=\"attachment-large size-large wp-image-5521\" alt=\"\" srcset=\"https:\/\/mercamio.com.co\/mercamiopg-2\/wp-content\/uploads\/2023\/09\/Del-campo-a-tu-casa-1024x1024.png 1024w, https:\/\/mercamio.com.co\/mercamiopg-2\/wp-content\/uploads\/2023\/09\/Del-campo-a-tu-casa-300x300.png 300w, https:\/\/mercamio.com.co\/mercamiopg-2\/wp-content\/uploads\/2023\/09\/Del-campo-a-tu-casa-150x150.png 150w, https:\/\/mercamio.com.co\/mercamiopg-2\/wp-content\/uploads\/2023\/09\/Del-campo-a-tu-casa-768x768.png 768w, https:\/\/mercamio.com.co\/mercamiopg-2\/wp-content\/uploads\/2023\/09\/Del-campo-a-tu-casa-600x600.png 600w, https:\/\/mercamio.com.co\/mercamiopg-2\/wp-content\/uploads\/2023\/09\/Del-campo-a-tu-casa-100x100.png 100w, https:\/\/mercamio.com.co\/mercamiopg-2\/wp-content\/uploads\/2023\/09\/Del-campo-a-tu-casa.png 1080w\" sizes=\"(max-width: 1024px) 100vw, 1024px\" \/>\t\t\t\t\t\t\t\t\t\t\t\t\t<\/div>\n\t\t\t\t<\/div>\n\t\t\t\t<div class=\"elementor-element elementor-element-7f33cbc elementor-widget__width-initial elementor-widget-mobile__width-initial elementor-widget elementor-widget-image\" data-id=\"7f33cbc\" data-element_type=\"widget\" data-widget_type=\"image.default\">\n\t\t\t\t<div class=\"elementor-widget-container\">\n\t\t\t\t\t\t\t\t\t\t\t\t\t<img loading=\"lazy\" decoding=\"async\" width=\"1024\" height=\"1024\" src=\"https:\/\/mercamio.com.co\/mercamiopg-2\/wp-content\/uploads\/2023\/09\/el-mercado-ma\u0301s-economico-1024x1024.jpeg\" class=\"attachment-large size-large wp-image-5522\" alt=\"\" srcset=\"https:\/\/mercamio.com.co\/mercamiopg-2\/wp-content\/uploads\/2023\/09\/el-mercado-ma\u0301s-economico-1024x1024.jpeg 1024w, https:\/\/mercamio.com.co\/mercamiopg-2\/wp-content\/uploads\/2023\/09\/el-mercado-ma\u0301s-economico-300x300.jpeg 300w, https:\/\/mercamio.com.co\/mercamiopg-2\/wp-content\/uploads\/2023\/09\/el-mercado-ma\u0301s-economico-150x150.jpeg 150w, https:\/\/mercamio.com.co\/mercamiopg-2\/wp-content\/uploads\/2023\/09\/el-mercado-ma\u0301s-economico-768x768.jpeg 768w, https:\/\/mercamio.com.co\/mercamiopg-2\/wp-content\/uploads\/2023\/09\/el-mercado-ma\u0301s-economico-600x600.jpeg 600w, https:\/\/mercamio.com.co\/mercamiopg-2\/wp-content\/uploads\/2023\/09\/el-mercado-ma\u0301s-economico-100x100.jpeg 100w, https:\/\/mercamio.com.co\/mercamiopg-2\/wp-content\/uploads\/2023\/09\/el-mercado-ma\u0301s-economico.jpeg 1080w\" sizes=\"(max-width: 1024px) 100vw, 1024px\" \/>\t\t\t\t\t\t\t\t\t\t\t\t\t<\/div>\n\t\t\t\t<\/div>\n\t\t\t\t<div class=\"elementor-element elementor-element-543bf2a elementor-widget__width-initial elementor-widget-mobile__width-initial elementor-widget elementor-widget-image\" data-id=\"543bf2a\" data-element_type=\"widget\" data-widget_type=\"image.default\">\n\t\t\t\t<div class=\"elementor-widget-container\">\n\t\t\t\t\t\t\t\t\t\t\t\t\t<img loading=\"lazy\" decoding=\"async\" width=\"250\" height=\"250\" src=\"https:\/\/mercamio.com.co\/mercamiopg-2\/wp-content\/uploads\/2023\/09\/bloggif_5b9982e163cf9.gif\" class=\"attachment-full size-full wp-image-5523\" alt=\"\" \/>\t\t\t\t\t\t\t\t\t\t\t\t\t<\/div>\n\t\t\t\t<\/div>\n\t\t\t\t\t<\/div>\n\t\t\t\t<\/div>\n\t\t\t\t<\/div>\n\t\t","protected":false},"excerpt":{"rendered":"<p>Mercamio Palmira Conoce aqu\u00ed las mejores ofertas Direcci\u00f3n: Cra. 24 Nte. #14b-29, Palmira, Valle del CaucaTel\u00e9fono : 310 2755345 Horario de atenci\u00f3n: Lunes a S\u00e1bado de 8:00 A.M &#8211; 8:30 P.M Domingos y Festivos de 8:30 A.M &#8211; 8:00 P.M. \u00a0 Como Llegar?<\/p>\n","protected":false},"author":1,"featured_media":0,"parent":5597,"menu_order":0,"comment_status":"closed","ping_status":"closed","template":"","meta":{"site-sidebar-layout":"default","site-content-layout":"","ast-site-content-layout":"default","site-content-style":"default","site-sidebar-style":"default","ast-global-header-display":"disabled","ast-banner-title-visibility":"","ast-main-header-display":"","ast-hfb-above-header-display":"","ast-hfb-below-header-display":"","ast-hfb-mobile-header-display":"","site-post-title":"disabled","ast-breadcrumbs-content":"","ast-featured-img":"","footer-sml-layout":"","theme-transparent-header-meta":"","adv-header-id-meta":"","stick-header-meta":"","header-above-stick-meta":"","header-main-stick-meta":"","header-below-stick-meta":"","astra-migrate-meta-layouts":"set","ast-page-background-enabled":"default","ast-page-background-meta":{"desktop":{"background-color":"","background-image":"","background-repeat":"repeat","background-position":"center center","background-size":"auto","background-attachment":"scroll","background-type":"","background-media":"","overlay-type":"","overlay-color":"","overlay-gradient":""},"tablet":{"background-color":"","background-image":"","background-repeat":"repeat","background-position":"center center","background-size":"auto","background-attachment":"scroll","background-type":"","background-media":"","overlay-type":"","overlay-color":"","overlay-gradient":""},"mobile":{"background-color":"","background-image":"","background-repeat":"repeat","background-position":"center center","background-size":"auto","background-attachment":"scroll","background-type":"","background-media":"","overlay-type":"","overlay-color":"","overlay-gradient":""}},"ast-content-background-meta":{"desktop":{"background-color":"var(--ast-global-color-5)","background-image":"","background-repeat":"repeat","background-position":"center center","background-size":"auto","background-attachment":"scroll","background-type":"","background-media":"","overlay-type":"","overlay-color":"","overlay-gradient":""},"tablet":{"background-color":"var(--ast-global-color-5)","background-image":"","background-repeat":"repeat","background-position":"center center","background-size":"auto","background-attachment":"scroll","background-type":"","background-media":"","overlay-type":"","overlay-color":"","overlay-gradient":""},"mobile":{"background-color":"var(--ast-global-color-5)","background-image":"","background-repeat":"repeat","background-position":"center center","background-size":"auto","background-attachment":"scroll","background-type":"","background-media":"","overlay-type":"","overlay-color":"","overlay-gradient":""}},"footnotes":""},"class_list":["post-6073","page","type-page","status-publish","hentry"],"_links":{"self":[{"href":"https:\/\/mercamio.com.co\/mercamiopg-2\/wp-json\/wp\/v2\/pages\/6073","targetHints":{"allow":["GET"]}}],"collection":[{"href":"https:\/\/mercamio.com.co\/mercamiopg-2\/wp-json\/wp\/v2\/pages"}],"about":[{"href":"https:\/\/mercamio.com.co\/mercamiopg-2\/wp-json\/wp\/v2\/types\/page"}],"author":[{"embeddable":true,"href":"https:\/\/mercamio.com.co\/mercamiopg-2\/wp-json\/wp\/v2\/users\/1"}],"replies":[{"embeddable":true,"href":"https:\/\/mercamio.com.co\/mercamiopg-2\/wp-json\/wp\/v2\/comments?post=6073"}],"version-history":[{"count":52,"href":"https:\/\/mercamio.com.co\/mercamiopg-2\/wp-json\/wp\/v2\/pages\/6073\/revisions"}],"predecessor-version":[{"id":7917,"href":"https:\/\/mercamio.com.co\/mercamiopg-2\/wp-json\/wp\/v2\/pages\/6073\/revisions\/7917"}],"up":[{"embeddable":true,"href":"https:\/\/mercamio.com.co\/mercamiopg-2\/wp-json\/wp\/v2\/pages\/5597"}],"wp:attachment":[{"href":"https:\/\/mercamio.com.co\/mercamiopg-2\/wp-json\/wp\/v2\/media?parent=6073"}],"curies":[{"name":"wp","href":"https:\/\/api.w.org\/{rel}","templated":true}]}}